{"id":720,"date":"2021-07-01T14:18:30","date_gmt":"2021-07-01T12:18:30","guid":{"rendered":"https:\/\/www.grande-traversee-alpes.com\/?page_id=720"},"modified":"2021-07-01T14:19:17","modified_gmt":"2021-07-01T12:19:17","slug":"mentions-legales","status":"publish","type":"page","link":"https:\/\/www.grande-traversee-alpes.com\/en\/mentions-legales\/","title":{"rendered":"Mentions l\u00e9gales"},"content":{"rendered":"\n<p><\/p>\n\n\n\n<p>Le site est \u00e9dit\u00e9 par :<br> Grande travers\u00e9e des Alpes<br> N\u00b0 SIRET : 84384587600013 <br><br> En vertu de l\u2019article 6 de la loi n\u00b0 2004-575 du 21 juin 2004 pour la confiance dans l\u2019\u00e9conomie num\u00e9rique, il est pr\u00e9cis\u00e9, dans ces mentions l\u00e9gales, aux utilisateurs du site www.grande-traversee-alpes.com l\u2019identit\u00e9 des diff\u00e9rents intervenants dans le cadre de sa r\u00e9alisation et de son suivi : <br><br> Ce site a \u00e9t\u00e9 cr\u00e9\u00e9 par :<br> Propri\u00e9taire :<br> GTA 490 chemin de Bordeli\u00e8re<br> 38700 Le Sappey-en-Chartreuse<br> <br> H\u00e9bergeur :<br> OVH<br> 2 rue Kellermann \u2013 59100 Roubaix \u2013 France<br> <br> D\u00e9veloppement :<br> SARL Com\u2019online<br> 599 Chemin de Bordeli\u00e8re<br> 38700 Le Sappey-en-Chartreuse<br> <a title=\"Cr\u00e9ation site internet Grenoble\" href=\"https:\/\/www.com-on-line.com\" target=\"_blank\" rel=\"noopener\">www.com-on-line.com<\/a> <br><br> Responsabilit\u00e9<br> Bien qu&#8217;une tr\u00e8s grande attention ait \u00e9t\u00e9 apport\u00e9e \u00e0 la r\u00e9alisation de ce site, la GTA ne saurait \u00eatre tenu responsable des \u00e9ventuelles erreurs qui pourraient s&#8217;y trouver. <br><br> La GTA ne garantit pas l&#8217;exactitude et l&#8217;exhaustivit\u00e9 de l&#8217;information diffus\u00e9e sur le Site. La GTA ne saurait donc \u00eatre tenu pour responsable des dommages directs ou indirects, subis par les utilisateurs ou par des tiers qui trouveraient leur source dans l&#8217;information diffus\u00e9e sur le site www.grande-traversee-alpes.com , et de mani\u00e8re plus g\u00e9n\u00e9rale, dans la consultation et l&#8217;utilisation du site.<\/p>\n","protected":false},"excerpt":{"rendered":"<p>Le site est \u00e9dit\u00e9 par : Grande travers\u00e9e des Alpes N\u00b0 SIRET : 84384587600013 En vertu de l\u2019article 6 de la loi n\u00b0 2004-575 du 21<span class=\"excerpt-hellip\"> [\u2026]<\/span><\/p>\n","protected":false},"author":6,"featured_media":0,"parent":0,"menu_order":0,"comment_status":"closed","ping_status":"closed","template":"","meta":{"_monsterinsights_skip_tracking":false,"_monsterinsights_sitenote_active":false,"_monsterinsights_sitenote_note":"","_monsterinsights_sitenote_category":0,"footnotes":""},"class_list":["post-720","page","type-page","status-publish","hentry"],"yoast_head":"<!-- This site is optimized with the Yoast SEO plugin v27.4 - https:\/\/yoast.com\/product\/yoast-seo-wordpress\/ -->\n<title>Mentions l\u00e9gales<\/title>\n<meta name=\"robots\" content=\"index, follow, max-snippet:-1, max-image-preview:large, max-video-preview:-1\" \/>\n<link rel=\"canonical\" href=\"https:\/\/www.grande-traversee-alpes.com\/en\/mentions-legales\/\" \/>\n<meta property=\"og:locale\" content=\"en_US\" \/>\n<meta property=\"og:locale:alternate\" content=\"fr_FR\" \/>\n<meta property=\"og:type\" content=\"article\" \/>\n<meta property=\"og:title\" content=\"Mentions l\u00e9gales\" \/>\n<meta property=\"og:description\" content=\"Le site est \u00e9dit\u00e9 par : Grande travers\u00e9e des Alpes N\u00b0 SIRET : 84384587600013 En vertu de l\u2019article 6 de la loi n\u00b0 2004-575 du 21 [\u2026]\" \/>\n<meta property=\"og:url\" content=\"https:\/\/www.grande-traversee-alpes.com\/en\/mentions-legales\/\" \/>\n<meta property=\"og:site_name\" content=\"GR5 Alpes\" \/>\n<meta property=\"article:modified_time\" content=\"2021-07-01T12:19:17+00:00\" \/>\n<meta name=\"twitter:card\" content=\"summary_large_image\" \/>\n<meta name=\"twitter:label1\" content=\"Est. reading time\" \/>\n\t<meta name=\"twitter:data1\" content=\"1 minute\" \/>\n<script type=\"application\/ld+json\" class=\"yoast-schema-graph\">{\"@context\":\"https:\\\/\\\/schema.org\",\"@graph\":[{\"@type\":\"WebPage\",\"@id\":\"https:\\\/\\\/www.grande-traversee-alpes.com\\\/mentions-legales\\\/\",\"url\":\"https:\\\/\\\/www.grande-traversee-alpes.com\\\/mentions-legales\\\/\",\"name\":\"Mentions l\u00e9gales\",\"isPartOf\":{\"@id\":\"https:\\\/\\\/www.grande-traversee-alpes.com\\\/#website\"},\"datePublished\":\"2021-07-01T12:18:30+00:00\",\"dateModified\":\"2021-07-01T12:19:17+00:00\",\"breadcrumb\":{\"@id\":\"https:\\\/\\\/www.grande-traversee-alpes.com\\\/mentions-legales\\\/#breadcrumb\"},\"inLanguage\":\"en-US\",\"potentialAction\":[{\"@type\":\"ReadAction\",\"target\":[\"https:\\\/\\\/www.grande-traversee-alpes.com\\\/mentions-legales\\\/\"]}]},{\"@type\":\"BreadcrumbList\",\"@id\":\"https:\\\/\\\/www.grande-traversee-alpes.com\\\/mentions-legales\\\/#breadcrumb\",\"itemListElement\":[{\"@type\":\"ListItem\",\"position\":1,\"name\":\"Accueil\",\"item\":\"https:\\\/\\\/www.grande-traversee-alpes.com\\\/\"},{\"@type\":\"ListItem\",\"position\":2,\"name\":\"Mentions l\u00e9gales\"}]},{\"@type\":\"WebSite\",\"@id\":\"https:\\\/\\\/www.grande-traversee-alpes.com\\\/#website\",\"url\":\"https:\\\/\\\/www.grande-traversee-alpes.com\\\/\",\"name\":\"GR5 Alpes\",\"description\":\"GR\u00ae5 - la grande travers\u00e9e des Alpes\",\"publisher\":{\"@id\":\"https:\\\/\\\/www.grande-traversee-alpes.com\\\/#organization\"},\"potentialAction\":[{\"@type\":\"SearchAction\",\"target\":{\"@type\":\"EntryPoint\",\"urlTemplate\":\"https:\\\/\\\/www.grande-traversee-alpes.com\\\/?s={search_term_string}\"},\"query-input\":{\"@type\":\"PropertyValueSpecification\",\"valueRequired\":true,\"valueName\":\"search_term_string\"}}],\"inLanguage\":\"en-US\"},{\"@type\":\"Organization\",\"@id\":\"https:\\\/\\\/www.grande-traversee-alpes.com\\\/#organization\",\"name\":\"GR5 Alpes\",\"url\":\"https:\\\/\\\/www.grande-traversee-alpes.com\\\/\",\"logo\":{\"@type\":\"ImageObject\",\"inLanguage\":\"en-US\",\"@id\":\"https:\\\/\\\/www.grande-traversee-alpes.com\\\/#\\\/schema\\\/logo\\\/image\\\/\",\"url\":\"https:\\\/\\\/www.grande-traversee-alpes.com\\\/wp-content\\\/uploads\\\/2024\\\/01\\\/cropped-icone-gta-2.png\",\"contentUrl\":\"https:\\\/\\\/www.grande-traversee-alpes.com\\\/wp-content\\\/uploads\\\/2024\\\/01\\\/cropped-icone-gta-2.png\",\"width\":378,\"height\":328,\"caption\":\"GR5 Alpes\"},\"image\":{\"@id\":\"https:\\\/\\\/www.grande-traversee-alpes.com\\\/#\\\/schema\\\/logo\\\/image\\\/\"}}]}<\/script>\n<!-- \/ Yoast SEO plugin. -->","yoast_head_json":{"title":"Mentions l\u00e9gales","robots":{"index":"index","follow":"follow","max-snippet":"max-snippet:-1","max-image-preview":"max-image-preview:large","max-video-preview":"max-video-preview:-1"},"canonical":"https:\/\/www.grande-traversee-alpes.com\/en\/mentions-legales\/","og_locale":"en_US","og_type":"article","og_title":"[:fr]Mentions l\u00e9gales[:] - GR5 Alpes","og_description":"Le site est \u00e9dit\u00e9 par : Grande travers\u00e9e des Alpes N\u00b0 SIRET : 84384587600013 En vertu de l\u2019article 6 de la loi n\u00b0 2004-575 du 21 [\u2026]","og_url":"https:\/\/www.grande-traversee-alpes.com\/en\/mentions-legales\/","og_site_name":"GR5 Alpes","article_modified_time":"2021-07-01T12:19:17+00:00","twitter_card":"summary_large_image","twitter_misc":{"Est. reading time":"1 minute"},"schema":{"@context":"https:\/\/schema.org","@graph":[{"@type":"WebPage","@id":"https:\/\/www.grande-traversee-alpes.com\/mentions-legales\/","url":"https:\/\/www.grande-traversee-alpes.com\/mentions-legales\/","name":"Mentions l\u00e9gales","isPartOf":{"@id":"https:\/\/www.grande-traversee-alpes.com\/#website"},"datePublished":"2021-07-01T12:18:30+00:00","dateModified":"2021-07-01T12:19:17+00:00","breadcrumb":{"@id":"https:\/\/www.grande-traversee-alpes.com\/mentions-legales\/#breadcrumb"},"inLanguage":"en-US","potentialAction":[{"@type":"ReadAction","target":["https:\/\/www.grande-traversee-alpes.com\/mentions-legales\/"]}]},{"@type":"BreadcrumbList","@id":"https:\/\/www.grande-traversee-alpes.com\/mentions-legales\/#breadcrumb","itemListElement":[{"@type":"ListItem","position":1,"name":"Accueil","item":"https:\/\/www.grande-traversee-alpes.com\/"},{"@type":"ListItem","position":2,"name":"Mentions l\u00e9gales"}]},{"@type":"WebSite","@id":"https:\/\/www.grande-traversee-alpes.com\/#website","url":"https:\/\/www.grande-traversee-alpes.com\/","name":"GR5 Alpes","description":"GR\u00ae5 - la grande travers\u00e9e des Alpes","publisher":{"@id":"https:\/\/www.grande-traversee-alpes.com\/#organization"},"potentialAction":[{"@type":"SearchAction","target":{"@type":"EntryPoint","urlTemplate":"https:\/\/www.grande-traversee-alpes.com\/?s={search_term_string}"},"query-input":{"@type":"PropertyValueSpecification","valueRequired":true,"valueName":"search_term_string"}}],"inLanguage":"en-US"},{"@type":"Organization","@id":"https:\/\/www.grande-traversee-alpes.com\/#organization","name":"GR5 Alpes","url":"https:\/\/www.grande-traversee-alpes.com\/","logo":{"@type":"ImageObject","inLanguage":"en-US","@id":"https:\/\/www.grande-traversee-alpes.com\/#\/schema\/logo\/image\/","url":"https:\/\/www.grande-traversee-alpes.com\/wp-content\/uploads\/2024\/01\/cropped-icone-gta-2.png","contentUrl":"https:\/\/www.grande-traversee-alpes.com\/wp-content\/uploads\/2024\/01\/cropped-icone-gta-2.png","width":378,"height":328,"caption":"GR5 Alpes"},"image":{"@id":"https:\/\/www.grande-traversee-alpes.com\/#\/schema\/logo\/image\/"}}]}},"_links":{"self":[{"href":"https:\/\/www.grande-traversee-alpes.com\/en\/wp-json\/wp\/v2\/pages\/720","targetHints":{"allow":["GET"]}}],"collection":[{"href":"https:\/\/www.grande-traversee-alpes.com\/en\/wp-json\/wp\/v2\/pages"}],"about":[{"href":"https:\/\/www.grande-traversee-alpes.com\/en\/wp-json\/wp\/v2\/types\/page"}],"author":[{"embeddable":true,"href":"https:\/\/www.grande-traversee-alpes.com\/en\/wp-json\/wp\/v2\/users\/6"}],"replies":[{"embeddable":true,"href":"https:\/\/www.grande-traversee-alpes.com\/en\/wp-json\/wp\/v2\/comments?post=720"}],"version-history":[{"count":3,"href":"https:\/\/www.grande-traversee-alpes.com\/en\/wp-json\/wp\/v2\/pages\/720\/revisions"}],"predecessor-version":[{"id":725,"href":"https:\/\/www.grande-traversee-alpes.com\/en\/wp-json\/wp\/v2\/pages\/720\/revisions\/725"}],"wp:attachment":[{"href":"https:\/\/www.grande-traversee-alpes.com\/en\/wp-json\/wp\/v2\/media?parent=720"}],"curies":[{"name":"wp","href":"https:\/\/api.w.org\/{rel}","templated":true}]}}