{"id":1882,"date":"2025-10-13T14:27:00","date_gmt":"2025-10-13T12:27:00","guid":{"rendered":"https:\/\/www.grande-traversee-alpes.com\/?page_id=1882"},"modified":"2025-10-13T15:33:48","modified_gmt":"2025-10-13T13:33:48","slug":"trek-alpes-conseils-2","status":"publish","type":"page","link":"https:\/\/www.grande-traversee-alpes.com\/en\/trek-alpes-conseils-2\/","title":{"rendered":"Escapades alpines"},"content":{"rendered":"<div class=\"wpb-content-wrapper\"><div class=\"vc_row wpb_row vc_row-fluid\"><div class=\"wpb_column vc_column_container vc_col-sm-12\"><div class=\"vc_column-inner\"><div class=\"wpb_wrapper\"><div class=\"vc_row wpb_row vc_inner vc_row-fluid\"><div class=\"wpb_column vc_column_container vc_col-sm-12\"><div class=\"vc_column-inner\"><div class=\"wpb_wrapper\"><div class=\"column_filters\"><div class=\"portfolio_wrapper isotope_wrapper \"><ul class=\"portfolio_group lm_wrapper isotope col-3 masonry\"><li class=\"portfolio-item isotope-item category-territoires  has-thumbnail\"><div class=\"portfolio-item-fw-bg\" style=\"\"><div class=\"portfolio-item-fill\"><\/div><div class=\"image_frame scale-with-grid\"><div class=\"image_wrapper\"><a href=\"https:\/\/www.grande-traversee-alpes.com\/en\/portfolio-item\/leman-mountains-explore\/\"><div class=\"mask\"><\/div><img loading=\"lazy\" decoding=\"async\" width=\"960\" height=\"720\" src=\"https:\/\/www.grande-traversee-alpes.com\/wp-content\/uploads\/2025\/10\/6-M.Roman-Lacs_neuteu_leman-960x720.jpg\" class=\"scale-with-grid wp-post-image\" alt=\"\" srcset=\"https:\/\/www.grande-traversee-alpes.com\/wp-content\/uploads\/2025\/10\/6-M.Roman-Lacs_neuteu_leman-960x720.jpg 960w, https:\/\/www.grande-traversee-alpes.com\/wp-content\/uploads\/2025\/10\/6-M.Roman-Lacs_neuteu_leman-300x225.jpg 300w, https:\/\/www.grande-traversee-alpes.com\/wp-content\/uploads\/2025\/10\/6-M.Roman-Lacs_neuteu_leman-1024x768.jpg 1024w, https:\/\/www.grande-traversee-alpes.com\/wp-content\/uploads\/2025\/10\/6-M.Roman-Lacs_neuteu_leman-768x576.jpg 768w, https:\/\/www.grande-traversee-alpes.com\/wp-content\/uploads\/2025\/10\/6-M.Roman-Lacs_neuteu_leman-1536x1152.jpg 1536w, https:\/\/www.grande-traversee-alpes.com\/wp-content\/uploads\/2025\/10\/6-M.Roman-Lacs_neuteu_leman-2048x1536.jpg 2048w, https:\/\/www.grande-traversee-alpes.com\/wp-content\/uploads\/2025\/10\/6-M.Roman-Lacs_neuteu_leman-195x146.jpg 195w, https:\/\/www.grande-traversee-alpes.com\/wp-content\/uploads\/2025\/10\/6-M.Roman-Lacs_neuteu_leman-50x38.jpg 50w, https:\/\/www.grande-traversee-alpes.com\/wp-content\/uploads\/2025\/10\/6-M.Roman-Lacs_neuteu_leman-100x75.jpg 100w, https:\/\/www.grande-traversee-alpes.com\/wp-content\/uploads\/2025\/10\/6-M.Roman-Lacs_neuteu_leman-800x600.jpg 800w\" sizes=\"auto, (max-width:767px) 480px, (max-width:960px) 100vw, 960px\" \/><\/a><div class=\"image_links\"><a class=\"zoom \"  rel=\"prettyphoto\" href=\"https:\/\/www.grande-traversee-alpes.com\/wp-content\/uploads\/2025\/10\/6-M.Roman-Lacs_neuteu_leman-1024x768.jpg\"><svg viewBox=\"0 0 26 26\"><defs><style>.path{fill:none;stroke:#333;stroke-miterlimit:10;stroke-width:1.5px;}<\/style><\/defs><circle cx=\"11.35\" cy=\"11.35\" r=\"6\" class=\"path\"><\/circle><line x1=\"15.59\" y1=\"15.59\" x2=\"20.65\" y2=\"20.65\" class=\"path\"><\/line><\/svg><\/a><a class=\"link \"  href=\"https:\/\/www.grande-traversee-alpes.com\/en\/portfolio-item\/leman-mountains-explore\/\"><svg viewBox=\"0 0 26 26\"><defs><style>.path{fill:none;stroke:#333;stroke-miterlimit:10;stroke-width:1.5px;}<\/style><\/defs><g><path d=\"M10.17,8.76l2.12-2.12a5,5,0,0,1,7.07,0h0a5,5,0,0,1,0,7.07l-2.12,2.12\" class=\"path\"><\/path><path d=\"M15.83,17.24l-2.12,2.12a5,5,0,0,1-7.07,0h0a5,5,0,0,1,0-7.07l2.12-2.12\" class=\"path\"><\/path><line x1=\"10.17\" y1=\"15.83\" x2=\"15.83\" y2=\"10.17\" class=\"path\"><\/line><\/g><\/svg><\/a><\/div><\/div><\/div><div class=\"desc\"><div class=\"title_wrapper\"><h5 class=\"entry-title \" itemprop=\"headline\"><a class=\"link\" href=\"https:\/\/www.grande-traversee-alpes.com\/en\/portfolio-item\/leman-mountains-explore\/\">Leman Mountains Explore<\/a><\/h5><div class=\"button-love\"><a href=\"#\" class=\"mfn-love \" data-id=\"1884\"><span class=\"icons-wrapper\"><i class=\"icon-heart-empty-fa\"><\/i><i class=\"icon-heart-fa\"><\/i><\/span><span class=\"label\">0<\/span><\/a><\/div><\/div><div class=\"details-wrapper\"><dl><dt>Date<\/dt><dd>13 October 2025<\/dd><\/dl><\/div><div class=\"desc-wrapper\"><\/div><\/div><\/div><\/li><li class=\"portfolio-item isotope-item category-territoires  has-thumbnail\"><div class=\"portfolio-item-fw-bg\" style=\"\"><div class=\"portfolio-item-fill\"><\/div><div class=\"image_frame scale-with-grid\"><div class=\"image_wrapper\"><a href=\"https:\/\/www.grande-traversee-alpes.com\/en\/portfolio-item\/les-contamines-montjoie\/\"><div class=\"mask\"><\/div><img loading=\"lazy\" decoding=\"async\" width=\"960\" height=\"720\" src=\"https:\/\/www.grande-traversee-alpes.com\/wp-content\/uploads\/2025\/10\/DSC06048-960x720.jpg\" class=\"scale-with-grid wp-post-image\" alt=\"\" \/><\/a><div class=\"image_links\"><a class=\"zoom \"  rel=\"prettyphoto\" href=\"https:\/\/www.grande-traversee-alpes.com\/wp-content\/uploads\/2025\/10\/DSC06048-1024x683.jpg\"><svg viewBox=\"0 0 26 26\"><defs><style>.path{fill:none;stroke:#333;stroke-miterlimit:10;stroke-width:1.5px;}<\/style><\/defs><circle cx=\"11.35\" cy=\"11.35\" r=\"6\" class=\"path\"><\/circle><line x1=\"15.59\" y1=\"15.59\" x2=\"20.65\" y2=\"20.65\" class=\"path\"><\/line><\/svg><\/a><a class=\"link \"  href=\"https:\/\/www.grande-traversee-alpes.com\/en\/portfolio-item\/les-contamines-montjoie\/\"><svg viewBox=\"0 0 26 26\"><defs><style>.path{fill:none;stroke:#333;stroke-miterlimit:10;stroke-width:1.5px;}<\/style><\/defs><g><path d=\"M10.17,8.76l2.12-2.12a5,5,0,0,1,7.07,0h0a5,5,0,0,1,0,7.07l-2.12,2.12\" class=\"path\"><\/path><path d=\"M15.83,17.24l-2.12,2.12a5,5,0,0,1-7.07,0h0a5,5,0,0,1,0-7.07l2.12-2.12\" class=\"path\"><\/path><line x1=\"10.17\" y1=\"15.83\" x2=\"15.83\" y2=\"10.17\" class=\"path\"><\/line><\/g><\/svg><\/a><\/div><\/div><\/div><div class=\"desc\"><div class=\"title_wrapper\"><h5 class=\"entry-title \" itemprop=\"headline\"><a class=\"link\" href=\"https:\/\/www.grande-traversee-alpes.com\/en\/portfolio-item\/les-contamines-montjoie\/\">Les Contamines-Montjoie<\/a><\/h5><div class=\"button-love\"><a href=\"#\" class=\"mfn-love \" data-id=\"1887\"><span class=\"icons-wrapper\"><i class=\"icon-heart-empty-fa\"><\/i><i class=\"icon-heart-fa\"><\/i><\/span><span class=\"label\">0<\/span><\/a><\/div><\/div><div class=\"details-wrapper\"><dl><dt>Date<\/dt><dd>13 October 2025<\/dd><\/dl><\/div><div class=\"desc-wrapper\"><\/div><\/div><\/div><\/li><\/ul><\/div>\n<\/div>\n<\/div><\/div><\/div><\/div><\/div><\/div><\/div><\/div>\n<\/div>","protected":false},"excerpt":{"rendered":"","protected":false},"author":6,"featured_media":0,"parent":0,"menu_order":0,"comment_status":"closed","ping_status":"closed","template":"","meta":{"_monsterinsights_skip_tracking":false,"_monsterinsights_sitenote_active":false,"_monsterinsights_sitenote_note":"","_monsterinsights_sitenote_category":0,"footnotes":""},"class_list":["post-1882","page","type-page","status-publish","hentry"],"yoast_head":"<!-- This site is optimized with the Yoast SEO plugin v27.3 - https:\/\/yoast.com\/product\/yoast-seo-wordpress\/ -->\n<title>Trek dans les Alpes : les conseils pour se pr\u00e9parer<\/title>\n<meta name=\"description\" content=\"Itin\u00e9raire, \u00e9quipement, h\u00e9bergement, services, agences de voyages\u2026 Tout ce qu\u2019il faut savoir pour organiser votre voyage\" \/>\n<meta name=\"robots\" content=\"index, follow, max-snippet:-1, max-image-preview:large, max-video-preview:-1\" \/>\n<link rel=\"canonical\" href=\"https:\/\/www.grande-traversee-alpes.com\/en\/trek-alpes-conseils-2\/\" \/>\n<meta property=\"og:locale\" content=\"en_US\" \/>\n<meta property=\"og:locale:alternate\" content=\"fr_FR\" \/>\n<meta property=\"og:type\" content=\"article\" \/>\n<meta property=\"og:title\" content=\"Trek dans les Alpes : les conseils pour se pr\u00e9parer\" \/>\n<meta property=\"og:description\" content=\"Itin\u00e9raire, \u00e9quipement, h\u00e9bergement, services, agences de voyages\u2026 Tout ce qu\u2019il faut savoir pour organiser votre voyage\" \/>\n<meta property=\"og:url\" content=\"https:\/\/www.grande-traversee-alpes.com\/en\/portfolio-item\/les-contamines-montjoie\/\" \/>\n<meta property=\"og:site_name\" content=\"GR5 Alpes\" \/>\n<meta property=\"article:modified_time\" content=\"2025-10-13T13:33:48+00:00\" \/>\n<meta name=\"twitter:card\" content=\"summary_large_image\" \/>\n<meta name=\"twitter:label1\" content=\"Est. reading time\" \/>\n\t<meta name=\"twitter:data1\" content=\"1 minute\" \/>\n<script type=\"application\/ld+json\" class=\"yoast-schema-graph\">{\"@context\":\"https:\\\/\\\/schema.org\",\"@graph\":[{\"@type\":\"WebPage\",\"@id\":\"https:\\\/\\\/www.grande-traversee-alpes.com\\\/trek-alpes-conseils-2\\\/\",\"url\":\"https:\\\/\\\/www.grande-traversee-alpes.com\\\/trek-alpes-conseils-2\\\/\",\"name\":\"Trek dans les Alpes : les conseils pour se pr\u00e9parer\",\"isPartOf\":{\"@id\":\"https:\\\/\\\/www.grande-traversee-alpes.com\\\/#website\"},\"datePublished\":\"2025-10-13T12:27:00+00:00\",\"dateModified\":\"2025-10-13T13:33:48+00:00\",\"description\":\"Itin\u00e9raire, \u00e9quipement, h\u00e9bergement, services, agences de voyages\u2026 Tout ce qu\u2019il faut savoir pour organiser votre voyage\",\"breadcrumb\":{\"@id\":\"https:\\\/\\\/www.grande-traversee-alpes.com\\\/trek-alpes-conseils-2\\\/#breadcrumb\"},\"inLanguage\":\"en-US\",\"potentialAction\":[{\"@type\":\"ReadAction\",\"target\":[\"https:\\\/\\\/www.grande-traversee-alpes.com\\\/trek-alpes-conseils-2\\\/\"]}]},{\"@type\":\"BreadcrumbList\",\"@id\":\"https:\\\/\\\/www.grande-traversee-alpes.com\\\/trek-alpes-conseils-2\\\/#breadcrumb\",\"itemListElement\":[{\"@type\":\"ListItem\",\"position\":1,\"name\":\"Accueil\",\"item\":\"https:\\\/\\\/www.grande-traversee-alpes.com\\\/\"},{\"@type\":\"ListItem\",\"position\":2,\"name\":\"Escapades alpines\"}]},{\"@type\":\"WebSite\",\"@id\":\"https:\\\/\\\/www.grande-traversee-alpes.com\\\/#website\",\"url\":\"https:\\\/\\\/www.grande-traversee-alpes.com\\\/\",\"name\":\"GR5 Alpes\",\"description\":\"GR\u00ae5 - la grande travers\u00e9e des Alpes\",\"publisher\":{\"@id\":\"https:\\\/\\\/www.grande-traversee-alpes.com\\\/#organization\"},\"potentialAction\":[{\"@type\":\"SearchAction\",\"target\":{\"@type\":\"EntryPoint\",\"urlTemplate\":\"https:\\\/\\\/www.grande-traversee-alpes.com\\\/?s={search_term_string}\"},\"query-input\":{\"@type\":\"PropertyValueSpecification\",\"valueRequired\":true,\"valueName\":\"search_term_string\"}}],\"inLanguage\":\"en-US\"},{\"@type\":\"Organization\",\"@id\":\"https:\\\/\\\/www.grande-traversee-alpes.com\\\/#organization\",\"name\":\"GR5 Alpes\",\"url\":\"https:\\\/\\\/www.grande-traversee-alpes.com\\\/\",\"logo\":{\"@type\":\"ImageObject\",\"inLanguage\":\"en-US\",\"@id\":\"https:\\\/\\\/www.grande-traversee-alpes.com\\\/#\\\/schema\\\/logo\\\/image\\\/\",\"url\":\"https:\\\/\\\/www.grande-traversee-alpes.com\\\/wp-content\\\/uploads\\\/2024\\\/01\\\/cropped-icone-gta-2.png\",\"contentUrl\":\"https:\\\/\\\/www.grande-traversee-alpes.com\\\/wp-content\\\/uploads\\\/2024\\\/01\\\/cropped-icone-gta-2.png\",\"width\":378,\"height\":328,\"caption\":\"GR5 Alpes\"},\"image\":{\"@id\":\"https:\\\/\\\/www.grande-traversee-alpes.com\\\/#\\\/schema\\\/logo\\\/image\\\/\"}}]}<\/script>\n<!-- \/ Yoast SEO plugin. -->","yoast_head_json":{"title":"Trek dans les Alpes : les conseils pour se pr\u00e9parer","description":"[:fr]Itin\u00e9raire, \u00e9quipement, h\u00e9bergement, services, agences de voyages\u2026 Tout ce qu\u2019il faut savoir pour organiser votre voyage[:]","robots":{"index":"index","follow":"follow","max-snippet":"max-snippet:-1","max-image-preview":"max-image-preview:large","max-video-preview":"max-video-preview:-1"},"canonical":"https:\/\/www.grande-traversee-alpes.com\/en\/trek-alpes-conseils-2\/","og_locale":"en_US","og_type":"article","og_title":"[:fr]Trek dans les Alpes : les conseils pour se pr\u00e9parer[:]","og_description":"[:fr]Itin\u00e9raire, \u00e9quipement, h\u00e9bergement, services, agences de voyages\u2026 Tout ce qu\u2019il faut savoir pour organiser votre voyage[:]","og_url":"https:\/\/www.grande-traversee-alpes.com\/en\/portfolio-item\/les-contamines-montjoie\/","og_site_name":"GR5 Alpes","article_modified_time":"2025-10-13T13:33:48+00:00","twitter_card":"summary_large_image","twitter_misc":{"Est. reading time":"1 minute"},"schema":{"@context":"https:\/\/schema.org","@graph":[{"@type":"WebPage","@id":"https:\/\/www.grande-traversee-alpes.com\/trek-alpes-conseils-2\/","url":"https:\/\/www.grande-traversee-alpes.com\/trek-alpes-conseils-2\/","name":"Trek dans les Alpes : les conseils pour se pr\u00e9parer","isPartOf":{"@id":"https:\/\/www.grande-traversee-alpes.com\/#website"},"datePublished":"2025-10-13T12:27:00+00:00","dateModified":"2025-10-13T13:33:48+00:00","description":"Itin\u00e9raire, \u00e9quipement, h\u00e9bergement, services, agences de voyages\u2026 Tout ce qu\u2019il faut savoir pour organiser votre voyage","breadcrumb":{"@id":"https:\/\/www.grande-traversee-alpes.com\/trek-alpes-conseils-2\/#breadcrumb"},"inLanguage":"en-US","potentialAction":[{"@type":"ReadAction","target":["https:\/\/www.grande-traversee-alpes.com\/trek-alpes-conseils-2\/"]}]},{"@type":"BreadcrumbList","@id":"https:\/\/www.grande-traversee-alpes.com\/trek-alpes-conseils-2\/#breadcrumb","itemListElement":[{"@type":"ListItem","position":1,"name":"Accueil","item":"https:\/\/www.grande-traversee-alpes.com\/"},{"@type":"ListItem","position":2,"name":"Escapades alpines"}]},{"@type":"WebSite","@id":"https:\/\/www.grande-traversee-alpes.com\/#website","url":"https:\/\/www.grande-traversee-alpes.com\/","name":"GR5 Alpes","description":"GR\u00ae5 - la grande travers\u00e9e des Alpes","publisher":{"@id":"https:\/\/www.grande-traversee-alpes.com\/#organization"},"potentialAction":[{"@type":"SearchAction","target":{"@type":"EntryPoint","urlTemplate":"https:\/\/www.grande-traversee-alpes.com\/?s={search_term_string}"},"query-input":{"@type":"PropertyValueSpecification","valueRequired":true,"valueName":"search_term_string"}}],"inLanguage":"en-US"},{"@type":"Organization","@id":"https:\/\/www.grande-traversee-alpes.com\/#organization","name":"GR5 Alpes","url":"https:\/\/www.grande-traversee-alpes.com\/","logo":{"@type":"ImageObject","inLanguage":"en-US","@id":"https:\/\/www.grande-traversee-alpes.com\/#\/schema\/logo\/image\/","url":"https:\/\/www.grande-traversee-alpes.com\/wp-content\/uploads\/2024\/01\/cropped-icone-gta-2.png","contentUrl":"https:\/\/www.grande-traversee-alpes.com\/wp-content\/uploads\/2024\/01\/cropped-icone-gta-2.png","width":378,"height":328,"caption":"GR5 Alpes"},"image":{"@id":"https:\/\/www.grande-traversee-alpes.com\/#\/schema\/logo\/image\/"}}]}},"_links":{"self":[{"href":"https:\/\/www.grande-traversee-alpes.com\/en\/wp-json\/wp\/v2\/pages\/1882","targetHints":{"allow":["GET"]}}],"collection":[{"href":"https:\/\/www.grande-traversee-alpes.com\/en\/wp-json\/wp\/v2\/pages"}],"about":[{"href":"https:\/\/www.grande-traversee-alpes.com\/en\/wp-json\/wp\/v2\/types\/page"}],"author":[{"embeddable":true,"href":"https:\/\/www.grande-traversee-alpes.com\/en\/wp-json\/wp\/v2\/users\/6"}],"replies":[{"embeddable":true,"href":"https:\/\/www.grande-traversee-alpes.com\/en\/wp-json\/wp\/v2\/comments?post=1882"}],"version-history":[{"count":5,"href":"https:\/\/www.grande-traversee-alpes.com\/en\/wp-json\/wp\/v2\/pages\/1882\/revisions"}],"predecessor-version":[{"id":1891,"href":"https:\/\/www.grande-traversee-alpes.com\/en\/wp-json\/wp\/v2\/pages\/1882\/revisions\/1891"}],"wp:attachment":[{"href":"https:\/\/www.grande-traversee-alpes.com\/en\/wp-json\/wp\/v2\/media?parent=1882"}],"curies":[{"name":"wp","href":"https:\/\/api.w.org\/{rel}","templated":true}]}}