{"id":156,"date":"2018-05-23T18:43:48","date_gmt":"2018-05-23T16:43:48","guid":{"rendered":"https:\/\/www.route-grandes-alpes.com\/gr5-alpes\/?page_id=156"},"modified":"2024-01-25T14:29:27","modified_gmt":"2024-01-25T13:29:27","slug":"depart-de-thonon-les-bains","status":"publish","type":"page","link":"https:\/\/www.grande-traversee-alpes.com\/en\/les-variantes\/depart-de-thonon-les-bains\/","title":{"rendered":"D\u00e9part de Thonon-les-Bains"},"content":{"rendered":"<div class=\"wpb-content-wrapper\"><div class=\"vc_row wpb_row vc_row-fluid\"><div class=\"wpb_column vc_column_container vc_col-sm-12\"><div class=\"vc_column-inner\"><div class=\"wpb_wrapper\"><div id=\"ultimate-heading-796469dbc7da6ff4d\" class=\"uvc-heading ult-adjust-bottom-margin ultimate-heading-796469dbc7da6ff4d uvc-4639 \" data-hspacer=\"no_spacer\"  data-halign=\"left\" style=\"text-align:left\"><div class=\"uvc-heading-spacer no_spacer\" style=\"top\"><\/div><div class=\"uvc-main-heading ult-responsive\"  data-ultimate-target='.uvc-heading.ultimate-heading-796469dbc7da6ff4d h2'  data-responsive-json-new='{\"font-size\":\"\",\"line-height\":\"\"}' ><h2 style=\"font-weight:bold;color:#00627b;\">D\u00e9part de Thonon-les-Bains<\/h2><\/div><\/div><div class=\"vc_row wpb_row vc_inner vc_row-fluid\"><div class=\"wpb_column vc_column_container vc_col-sm-12\"><div class=\"vc_column-inner\"><div class=\"wpb_wrapper\">\n\t<div class=\"wpb_text_column wpb_content_element\" >\n\t\t<div class=\"wpb_wrapper\">\n\t\t\t<p>Le d\u00e9part de Thonon-les-Bains vous permet d&#8217;arriver par le train, de b\u00e9n\u00e9ficier des nombreux h\u00e9bergements et services et de partir sur votre travers\u00e9e des Alpes !<\/p>\n<p>Vous rejoindrez <a href=\"https:\/\/www.route-grandes-alpes.com\/gr5-alpes\/itineraire-gr5-alpes\/\">l&#8217;itin\u00e9raire principal<\/a> au niveau des Chalets de Bise (\u00e9tape 2).<\/p>\n\n\t\t<\/div>\n\t<\/div>\n<\/div><\/div><\/div><\/div><\/div><\/div><\/div><\/div><div class=\"vc_row wpb_row vc_row-fluid\"><div class=\"wpb_column vc_column_container vc_col-sm-12\"><div class=\"vc_column-inner\"><div class=\"wpb_wrapper\">\n\t<div class=\"wpb_text_column wpb_content_element\" >\n\t\t<div class=\"wpb_wrapper\">\n\t\t\t<p><script type=\"text\/javascript\" src=\"https:\/\/www.outdooractive.com\/fr\/embed\/167736713\/js?mw=false&#038;usr=tgc25&#038;key=USR-KA8D2LMF-EMWGKRBQ-4OSSEYKC\"><\/script><\/p>\n\n\t\t<\/div>\n\t<\/div>\n<\/div><\/div><\/div><\/div><\/div>","protected":false},"excerpt":{"rendered":"D\u00e9part de Thonon-les-Bains Le d\u00e9part de Thonon-les-Bains vous permet d'arriver par le train, de b\u00e9n\u00e9ficier des nombreux h\u00e9bergements et services et de partir sur votre travers\u00e9e<span class=\"excerpt-hellip\"> [\u2026]<\/span>","protected":false},"author":5,"featured_media":0,"parent":110,"menu_order":0,"comment_status":"closed","ping_status":"closed","template":"","meta":{"_monsterinsights_skip_tracking":false,"_monsterinsights_sitenote_active":false,"_monsterinsights_sitenote_note":"","_monsterinsights_sitenote_category":0,"footnotes":""},"class_list":["post-156","page","type-page","status-publish","hentry"],"yoast_head":"<!-- This site is optimized with the Yoast SEO plugin v27.3 - https:\/\/yoast.com\/product\/yoast-seo-wordpress\/ -->\n<title>D\u00e9part de Thonon-les-Bains<\/title>\n<meta name=\"robots\" content=\"index, follow, max-snippet:-1, max-image-preview:large, max-video-preview:-1\" \/>\n<link rel=\"canonical\" href=\"https:\/\/www.grande-traversee-alpes.com\/en\/les-variantes\/depart-de-thonon-les-bains\/\" \/>\n<meta property=\"og:locale\" content=\"en_US\" \/>\n<meta property=\"og:locale:alternate\" content=\"fr_FR\" \/>\n<meta property=\"og:type\" content=\"article\" \/>\n<meta property=\"og:title\" content=\"D\u00e9part de Thonon-les-Bains\" \/>\n<meta property=\"og:url\" content=\"https:\/\/www.grande-traversee-alpes.com\/en\/les-variantes\/depart-de-thonon-les-bains\/\" \/>\n<meta property=\"og:site_name\" content=\"GR5 Alpes\" \/>\n<meta property=\"article:modified_time\" content=\"2024-01-25T13:29:27+00:00\" \/>\n<meta name=\"twitter:card\" content=\"summary_large_image\" \/>\n<meta name=\"twitter:label1\" content=\"Est. reading time\" \/>\n\t<meta name=\"twitter:data1\" content=\"1 minute\" \/>\n<script type=\"application\/ld+json\" class=\"yoast-schema-graph\">{\"@context\":\"https:\\\/\\\/schema.org\",\"@graph\":[{\"@type\":\"WebPage\",\"@id\":\"https:\\\/\\\/www.grande-traversee-alpes.com\\\/les-variantes\\\/depart-de-thonon-les-bains\\\/\",\"url\":\"https:\\\/\\\/www.grande-traversee-alpes.com\\\/les-variantes\\\/depart-de-thonon-les-bains\\\/\",\"name\":\"D\u00e9part de Thonon-les-Bains\",\"isPartOf\":{\"@id\":\"https:\\\/\\\/www.grande-traversee-alpes.com\\\/#website\"},\"datePublished\":\"2018-05-23T16:43:48+00:00\",\"dateModified\":\"2024-01-25T13:29:27+00:00\",\"breadcrumb\":{\"@id\":\"https:\\\/\\\/www.grande-traversee-alpes.com\\\/les-variantes\\\/depart-de-thonon-les-bains\\\/#breadcrumb\"},\"inLanguage\":\"en-US\",\"potentialAction\":[{\"@type\":\"ReadAction\",\"target\":[\"https:\\\/\\\/www.grande-traversee-alpes.com\\\/les-variantes\\\/depart-de-thonon-les-bains\\\/\"]}]},{\"@type\":\"BreadcrumbList\",\"@id\":\"https:\\\/\\\/www.grande-traversee-alpes.com\\\/les-variantes\\\/depart-de-thonon-les-bains\\\/#breadcrumb\",\"itemListElement\":[{\"@type\":\"ListItem\",\"position\":1,\"name\":\"Accueil\",\"item\":\"https:\\\/\\\/www.grande-traversee-alpes.com\\\/\"},{\"@type\":\"ListItem\",\"position\":2,\"name\":\"Les variantes\",\"item\":\"https:\\\/\\\/www.grande-traversee-alpes.com\\\/les-variantes\\\/\"},{\"@type\":\"ListItem\",\"position\":3,\"name\":\"D\u00e9part de Thonon-les-Bains\"}]},{\"@type\":\"WebSite\",\"@id\":\"https:\\\/\\\/www.grande-traversee-alpes.com\\\/#website\",\"url\":\"https:\\\/\\\/www.grande-traversee-alpes.com\\\/\",\"name\":\"GR5 Alpes\",\"description\":\"GR\u00ae5 - la grande travers\u00e9e des Alpes\",\"publisher\":{\"@id\":\"https:\\\/\\\/www.grande-traversee-alpes.com\\\/#organization\"},\"potentialAction\":[{\"@type\":\"SearchAction\",\"target\":{\"@type\":\"EntryPoint\",\"urlTemplate\":\"https:\\\/\\\/www.grande-traversee-alpes.com\\\/?s={search_term_string}\"},\"query-input\":{\"@type\":\"PropertyValueSpecification\",\"valueRequired\":true,\"valueName\":\"search_term_string\"}}],\"inLanguage\":\"en-US\"},{\"@type\":\"Organization\",\"@id\":\"https:\\\/\\\/www.grande-traversee-alpes.com\\\/#organization\",\"name\":\"GR5 Alpes\",\"url\":\"https:\\\/\\\/www.grande-traversee-alpes.com\\\/\",\"logo\":{\"@type\":\"ImageObject\",\"inLanguage\":\"en-US\",\"@id\":\"https:\\\/\\\/www.grande-traversee-alpes.com\\\/#\\\/schema\\\/logo\\\/image\\\/\",\"url\":\"https:\\\/\\\/www.grande-traversee-alpes.com\\\/wp-content\\\/uploads\\\/2024\\\/01\\\/cropped-icone-gta-2.png\",\"contentUrl\":\"https:\\\/\\\/www.grande-traversee-alpes.com\\\/wp-content\\\/uploads\\\/2024\\\/01\\\/cropped-icone-gta-2.png\",\"width\":378,\"height\":328,\"caption\":\"GR5 Alpes\"},\"image\":{\"@id\":\"https:\\\/\\\/www.grande-traversee-alpes.com\\\/#\\\/schema\\\/logo\\\/image\\\/\"}}]}<\/script>\n<!-- \/ Yoast SEO plugin. -->","yoast_head_json":{"title":"D\u00e9part de Thonon-les-Bains","robots":{"index":"index","follow":"follow","max-snippet":"max-snippet:-1","max-image-preview":"max-image-preview:large","max-video-preview":"max-video-preview:-1"},"canonical":"https:\/\/www.grande-traversee-alpes.com\/en\/les-variantes\/depart-de-thonon-les-bains\/","og_locale":"en_US","og_type":"article","og_title":"[:fr]D\u00e9part de Thonon-les-Bains[:] - GR5 Alpes","og_url":"https:\/\/www.grande-traversee-alpes.com\/en\/les-variantes\/depart-de-thonon-les-bains\/","og_site_name":"GR5 Alpes","article_modified_time":"2024-01-25T13:29:27+00:00","twitter_card":"summary_large_image","twitter_misc":{"Est. reading time":"1 minute"},"schema":{"@context":"https:\/\/schema.org","@graph":[{"@type":"WebPage","@id":"https:\/\/www.grande-traversee-alpes.com\/les-variantes\/depart-de-thonon-les-bains\/","url":"https:\/\/www.grande-traversee-alpes.com\/les-variantes\/depart-de-thonon-les-bains\/","name":"D\u00e9part de Thonon-les-Bains","isPartOf":{"@id":"https:\/\/www.grande-traversee-alpes.com\/#website"},"datePublished":"2018-05-23T16:43:48+00:00","dateModified":"2024-01-25T13:29:27+00:00","breadcrumb":{"@id":"https:\/\/www.grande-traversee-alpes.com\/les-variantes\/depart-de-thonon-les-bains\/#breadcrumb"},"inLanguage":"en-US","potentialAction":[{"@type":"ReadAction","target":["https:\/\/www.grande-traversee-alpes.com\/les-variantes\/depart-de-thonon-les-bains\/"]}]},{"@type":"BreadcrumbList","@id":"https:\/\/www.grande-traversee-alpes.com\/les-variantes\/depart-de-thonon-les-bains\/#breadcrumb","itemListElement":[{"@type":"ListItem","position":1,"name":"Accueil","item":"https:\/\/www.grande-traversee-alpes.com\/"},{"@type":"ListItem","position":2,"name":"Les variantes","item":"https:\/\/www.grande-traversee-alpes.com\/les-variantes\/"},{"@type":"ListItem","position":3,"name":"D\u00e9part de Thonon-les-Bains"}]},{"@type":"WebSite","@id":"https:\/\/www.grande-traversee-alpes.com\/#website","url":"https:\/\/www.grande-traversee-alpes.com\/","name":"GR5 Alpes","description":"GR\u00ae5 - la grande travers\u00e9e des Alpes","publisher":{"@id":"https:\/\/www.grande-traversee-alpes.com\/#organization"},"potentialAction":[{"@type":"SearchAction","target":{"@type":"EntryPoint","urlTemplate":"https:\/\/www.grande-traversee-alpes.com\/?s={search_term_string}"},"query-input":{"@type":"PropertyValueSpecification","valueRequired":true,"valueName":"search_term_string"}}],"inLanguage":"en-US"},{"@type":"Organization","@id":"https:\/\/www.grande-traversee-alpes.com\/#organization","name":"GR5 Alpes","url":"https:\/\/www.grande-traversee-alpes.com\/","logo":{"@type":"ImageObject","inLanguage":"en-US","@id":"https:\/\/www.grande-traversee-alpes.com\/#\/schema\/logo\/image\/","url":"https:\/\/www.grande-traversee-alpes.com\/wp-content\/uploads\/2024\/01\/cropped-icone-gta-2.png","contentUrl":"https:\/\/www.grande-traversee-alpes.com\/wp-content\/uploads\/2024\/01\/cropped-icone-gta-2.png","width":378,"height":328,"caption":"GR5 Alpes"},"image":{"@id":"https:\/\/www.grande-traversee-alpes.com\/#\/schema\/logo\/image\/"}}]}},"_links":{"self":[{"href":"https:\/\/www.grande-traversee-alpes.com\/en\/wp-json\/wp\/v2\/pages\/156","targetHints":{"allow":["GET"]}}],"collection":[{"href":"https:\/\/www.grande-traversee-alpes.com\/en\/wp-json\/wp\/v2\/pages"}],"about":[{"href":"https:\/\/www.grande-traversee-alpes.com\/en\/wp-json\/wp\/v2\/types\/page"}],"author":[{"embeddable":true,"href":"https:\/\/www.grande-traversee-alpes.com\/en\/wp-json\/wp\/v2\/users\/5"}],"replies":[{"embeddable":true,"href":"https:\/\/www.grande-traversee-alpes.com\/en\/wp-json\/wp\/v2\/comments?post=156"}],"version-history":[{"count":10,"href":"https:\/\/www.grande-traversee-alpes.com\/en\/wp-json\/wp\/v2\/pages\/156\/revisions"}],"predecessor-version":[{"id":1559,"href":"https:\/\/www.grande-traversee-alpes.com\/en\/wp-json\/wp\/v2\/pages\/156\/revisions\/1559"}],"up":[{"embeddable":true,"href":"https:\/\/www.grande-traversee-alpes.com\/en\/wp-json\/wp\/v2\/pages\/110"}],"wp:attachment":[{"href":"https:\/\/www.grande-traversee-alpes.com\/en\/wp-json\/wp\/v2\/media?parent=156"}],"curies":[{"name":"wp","href":"https:\/\/api.w.org\/{rel}","templated":true}]}}